{"id":6229,"date":"2020-12-29T12:05:52","date_gmt":"2020-12-29T11:05:52","guid":{"rendered":"https:\/\/calculatic.pl\/poradnik\/?page_id=6229"},"modified":"2020-12-29T12:05:52","modified_gmt":"2020-12-29T11:05:52","slug":"darmowy-kurs-z-excela","status":"publish","type":"page","link":"https:\/\/calculatic.pl\/poradnik\/darmowy-kurs-z-excela\/","title":{"rendered":"Darmowy kurs z Excela"},"content":{"rendered":"<p>W\u0142a\u015bnie zapisa\u0142em Ci\u0119 do mojego darmowego kursu z Excela (kt\u00f3ry mo\u017cna nazwa\u0107 te\u017c newsletterem.<\/p>\n<p>B\u0119dziesz dostawa\u0107 ode mnie raz na kilka dni r\u00f3\u017cne warto\u015bciowe materia\u0142y dotycz\u0105ce Excela, takie jak np:<\/p>\n<ul>\n<li style=\"list-style-type: none;\">\n<ul>\n<li>filmy<\/li>\n<li>\u0107wiczenia<\/li>\n<li>gotowe szablony w pliku Excela<\/li>\n<li>skr\u00f3ty klawiszowe<\/li>\n<li>ebooki<\/li>\n<li>oraz inne materia\u0142y<\/li>\n<\/ul>\n<\/li>\n<\/ul>\n<p>Wszystkie one maj\u0105 za zadanie pog\u0142\u0119bi\u0107 Twoj\u0105 wiedz\u0119 z Excela i rozwi\u0105za\u0107 konkretne problemy, kt\u00f3re mo\u017cesz w nim spotka\u0107.<\/p>\n","protected":false},"excerpt":{"rendered":"<p>W\u0142a\u015bnie zapisa\u0142em Ci\u0119 do mojego darmowego kursu z Excela (kt\u00f3ry mo\u017cna nazwa\u0107 te\u017c newsletterem. B\u0119dziesz&#8230; <a href=\"https:\/\/calculatic.pl\/poradnik\/darmowy-kurs-z-excela\/\" class=\"bwp-excerpt-more-link\">Czytaj wi\u0119cej<\/a><\/p>\n","protected":false},"author":1,"featured_media":0,"parent":0,"menu_order":0,"comment_status":"closed","ping_status":"closed","template":"","meta":[],"yoast_head":"<!-- This site is optimized with the Yoast SEO plugin v15.5 - https:\/\/yoast.com\/wordpress\/plugins\/seo\/ -->\r\n<title>Darmowy kurs z Excela - Poradnik Excel<\/title>\r\n<meta name=\"robots\" content=\"index, follow, max-snippet:-1, max-image-preview:large, max-video-preview:-1\" \/>\r\n<link rel=\"canonical\" href=\"https:\/\/calculatic.pl\/poradnik\/darmowy-kurs-z-excela\/\" \/>\r\n<meta property=\"og:locale\" content=\"pl_PL\" \/>\r\n<meta property=\"og:type\" content=\"article\" \/>\r\n<meta property=\"og:title\" content=\"Darmowy kurs z Excela - Poradnik Excel\" \/>\r\n<meta property=\"og:description\" content=\"W\u0142a\u015bnie zapisa\u0142em Ci\u0119 do mojego darmowego kursu z Excela (kt\u00f3ry mo\u017cna nazwa\u0107 te\u017c newsletterem. B\u0119dziesz... Czytaj wi\u0119cej\" \/>\r\n<meta property=\"og:url\" content=\"https:\/\/calculatic.pl\/poradnik\/darmowy-kurs-z-excela\/\" \/>\r\n<meta property=\"og:site_name\" content=\"Poradnik Excel\" \/>\r\n<meta name=\"twitter:card\" content=\"summary_large_image\" \/>\r\n<meta name=\"twitter:label1\" content=\"Est. reading time\">\n\t<meta name=\"twitter:data1\" content=\"0 minut\">\r\n<script type=\"application\/ld+json\" class=\"yoast-schema-graph\">{\"@context\":\"https:\/\/schema.org\",\"@graph\":[{\"@type\":\"WebSite\",\"@id\":\"https:\/\/calculatic.pl\/poradnik\/#website\",\"url\":\"https:\/\/calculatic.pl\/poradnik\/\",\"name\":\"Poradnik Excel\",\"description\":\"Calculatic.pl\",\"potentialAction\":[{\"@type\":\"SearchAction\",\"target\":\"https:\/\/calculatic.pl\/poradnik\/?s={search_term_string}\",\"query-input\":\"required name=search_term_string\"}],\"inLanguage\":\"pl-PL\"},{\"@type\":\"WebPage\",\"@id\":\"https:\/\/calculatic.pl\/poradnik\/darmowy-kurs-z-excela\/#webpage\",\"url\":\"https:\/\/calculatic.pl\/poradnik\/darmowy-kurs-z-excela\/\",\"name\":\"Darmowy kurs z Excela - Poradnik Excel\",\"isPartOf\":{\"@id\":\"https:\/\/calculatic.pl\/poradnik\/#website\"},\"datePublished\":\"2020-12-29T11:05:52+00:00\",\"dateModified\":\"2020-12-29T11:05:52+00:00\",\"inLanguage\":\"pl-PL\",\"potentialAction\":[{\"@type\":\"ReadAction\",\"target\":[\"https:\/\/calculatic.pl\/poradnik\/darmowy-kurs-z-excela\/\"]}]}]}<\/script>\r\n<!-- \/ Yoast SEO plugin. -->","_links":{"self":[{"href":"https:\/\/calculatic.pl\/poradnik\/wp-json\/wp\/v2\/pages\/6229"}],"collection":[{"href":"https:\/\/calculatic.pl\/poradnik\/wp-json\/wp\/v2\/pages"}],"about":[{"href":"https:\/\/calculatic.pl\/poradnik\/wp-json\/wp\/v2\/types\/page"}],"author":[{"embeddable":true,"href":"https:\/\/calculatic.pl\/poradnik\/wp-json\/wp\/v2\/users\/1"}],"replies":[{"embeddable":true,"href":"https:\/\/calculatic.pl\/poradnik\/wp-json\/wp\/v2\/comments?post=6229"}],"version-history":[{"count":1,"href":"https:\/\/calculatic.pl\/poradnik\/wp-json\/wp\/v2\/pages\/6229\/revisions"}],"predecessor-version":[{"id":6230,"href":"https:\/\/calculatic.pl\/poradnik\/wp-json\/wp\/v2\/pages\/6229\/revisions\/6230"}],"wp:attachment":[{"href":"https:\/\/calculatic.pl\/poradnik\/wp-json\/wp\/v2\/media?parent=6229"}],"curies":[{"name":"wp","href":"https:\/\/api.w.org\/{rel}","templated":true}]}}