{"id":5324,"date":"2021-06-18T13:55:51","date_gmt":"2021-06-18T11:55:51","guid":{"rendered":"https:\/\/calculatic.pl\/kursy-excel\/?page_id=5324"},"modified":"2024-09-30T11:46:55","modified_gmt":"2024-09-30T09:46:55","slug":"kurs-excel-specjalistyczny","status":"publish","type":"page","link":"https:\/\/calculatic.pl\/kursy-excel\/kurs-excel-specjalistyczny","title":{"rendered":"Szkolenia Excel Specjalistyczny"},"content":{"rendered":"<p>Oto nasza oferta szkole\u0144 specjalistycznych z programu Microsoft Excel, czyli takich, kt\u00f3re zg\u0142\u0119biaj\u0105 konkretny temat<\/p>\n","protected":false},"excerpt":{"rendered":"<p>Oto nasza oferta szkole\u0144 specjalistycznych z programu Microsoft Excel, czyli takich, kt\u00f3re zg\u0142\u0119biaj\u0105 konkretny temat<\/p>\n","protected":false},"author":3,"featured_media":0,"parent":0,"menu_order":0,"comment_status":"closed","ping_status":"closed","template":"templates\/oferta-szkolen-office.php","meta":[],"tags":[1353],"yoast_head":"<!-- This site is optimized with the Yoast SEO plugin v17.7.1 - https:\/\/yoast.com\/wordpress\/plugins\/seo\/ -->\r\n<meta name=\"robots\" content=\"index, follow, max-snippet:-1, max-image-preview:large, max-video-preview:-1\" \/>\r\n<link rel=\"canonical\" href=\"https:\/\/calculatic.pl\/kursy-excel\/kurs-excel-specjalistyczny\" \/>\r\n<meta property=\"og:locale\" content=\"pl_PL\" \/>\r\n<meta property=\"og:type\" content=\"article\" \/>\r\n<meta property=\"og:title\" content=\"Szkolenie Excel Specjalistyczny - Najlepsze szkolenia dla firm - Excellent\" \/>\r\n<meta property=\"og:description\" content=\"Oto nasza oferta szkole\u0144 specjalistycznych z programu Microsoft Excel, czyli takich, kt\u00f3re zg\u0142\u0119biaj\u0105 konkretny temat\" \/>\r\n<meta property=\"og:url\" content=\"https:\/\/calculatic.pl\/kursy-excel\/kurs-excel-specjalistyczny\" \/>\r\n<meta property=\"og:site_name\" content=\"Excellent\" \/>\r\n<meta property=\"article:modified_time\" content=\"2024-09-30T09:46:55+00:00\" \/>\r\n<meta name=\"twitter:card\" content=\"summary_large_image\" \/>\r\n<meta name=\"twitter:label1\" content=\"Szacowany czas czytania\" \/>\n\t<meta name=\"twitter:data1\" content=\"1 minuta\" \/>\r\n<script type=\"application\/ld+json\" class=\"yoast-schema-graph\">{\"@context\":\"https:\/\/schema.org\",\"@graph\":[{\"@type\":\"WebSite\",\"@id\":\"https:\/\/calculatic.pl\/kursy-excel\/#website\",\"url\":\"https:\/\/calculatic.pl\/kursy-excel\/\",\"name\":\"Excellent\",\"description\":\"\",\"potentialAction\":[{\"@type\":\"SearchAction\",\"target\":{\"@type\":\"EntryPoint\",\"urlTemplate\":\"https:\/\/calculatic.pl\/kursy-excel\/?s={search_term_string}\"},\"query-input\":\"required name=search_term_string\"}],\"inLanguage\":\"pl-PL\"},{\"@type\":\"WebPage\",\"@id\":\"https:\/\/calculatic.pl\/kursy-excel\/kurs-excel-specjalistyczny#webpage\",\"url\":\"https:\/\/calculatic.pl\/kursy-excel\/kurs-excel-specjalistyczny\",\"name\":\"Szkolenie Excel Specjalistyczny - Najlepsze szkolenia dla firm - Excellent\",\"isPartOf\":{\"@id\":\"https:\/\/calculatic.pl\/kursy-excel\/#website\"},\"datePublished\":\"2021-06-18T11:55:51+00:00\",\"dateModified\":\"2024-09-30T09:46:55+00:00\",\"breadcrumb\":{\"@id\":\"https:\/\/calculatic.pl\/kursy-excel\/kurs-excel-specjalistyczny#breadcrumb\"},\"inLanguage\":\"pl-PL\",\"potentialAction\":[{\"@type\":\"ReadAction\",\"target\":[\"https:\/\/calculatic.pl\/kursy-excel\/kurs-excel-specjalistyczny\"]}]},{\"@type\":\"BreadcrumbList\",\"@id\":\"https:\/\/calculatic.pl\/kursy-excel\/kurs-excel-specjalistyczny#breadcrumb\",\"itemListElement\":[{\"@type\":\"ListItem\",\"position\":1,\"name\":\"Strona g\\u0142\\u00f3wna\",\"item\":\"https:\/\/calculatic.pl\/kursy-excel\/\"},{\"@type\":\"ListItem\",\"position\":2,\"name\":\"Szkolenia Excel Specjalistyczny\"}]}]}<\/script>\r\n<!-- \/ Yoast SEO plugin. -->","yoast_head_json":{"robots":{"index":"index","follow":"follow","max-snippet":"max-snippet:-1","max-image-preview":"max-image-preview:large","max-video-preview":"max-video-preview:-1"},"canonical":"https:\/\/calculatic.pl\/kursy-excel\/kurs-excel-specjalistyczny","og_locale":"pl_PL","og_type":"article","og_title":"Szkolenie Excel Specjalistyczny - Najlepsze szkolenia dla firm - Excellent","og_description":"Oto nasza oferta szkole\u0144 specjalistycznych z programu Microsoft Excel, czyli takich, kt\u00f3re zg\u0142\u0119biaj\u0105 konkretny temat","og_url":"https:\/\/calculatic.pl\/kursy-excel\/kurs-excel-specjalistyczny","og_site_name":"Excellent","article_modified_time":"2024-09-30T09:46:55+00:00","twitter_card":"summary_large_image","twitter_misc":{"Szacowany czas czytania":"1 minuta"},"schema":{"@context":"https:\/\/schema.org","@graph":[{"@type":"WebSite","@id":"https:\/\/calculatic.pl\/kursy-excel\/#website","url":"https:\/\/calculatic.pl\/kursy-excel\/","name":"Excellent","description":"","potentialAction":[{"@type":"SearchAction","target":{"@type":"EntryPoint","urlTemplate":"https:\/\/calculatic.pl\/kursy-excel\/?s={search_term_string}"},"query-input":"required name=search_term_string"}],"inLanguage":"pl-PL"},{"@type":"WebPage","@id":"https:\/\/calculatic.pl\/kursy-excel\/kurs-excel-specjalistyczny#webpage","url":"https:\/\/calculatic.pl\/kursy-excel\/kurs-excel-specjalistyczny","name":"Szkolenie Excel Specjalistyczny - Najlepsze szkolenia dla firm - Excellent","isPartOf":{"@id":"https:\/\/calculatic.pl\/kursy-excel\/#website"},"datePublished":"2021-06-18T11:55:51+00:00","dateModified":"2024-09-30T09:46:55+00:00","breadcrumb":{"@id":"https:\/\/calculatic.pl\/kursy-excel\/kurs-excel-specjalistyczny#breadcrumb"},"inLanguage":"pl-PL","potentialAction":[{"@type":"ReadAction","target":["https:\/\/calculatic.pl\/kursy-excel\/kurs-excel-specjalistyczny"]}]},{"@type":"BreadcrumbList","@id":"https:\/\/calculatic.pl\/kursy-excel\/kurs-excel-specjalistyczny#breadcrumb","itemListElement":[{"@type":"ListItem","position":1,"name":"Strona g\u0142\u00f3wna","item":"https:\/\/calculatic.pl\/kursy-excel\/"},{"@type":"ListItem","position":2,"name":"Szkolenia Excel Specjalistyczny"}]}]}},"_links":{"self":[{"href":"https:\/\/calculatic.pl\/kursy-excel\/wp-json\/wp\/v2\/pages\/5324"}],"collection":[{"href":"https:\/\/calculatic.pl\/kursy-excel\/wp-json\/wp\/v2\/pages"}],"about":[{"href":"https:\/\/calculatic.pl\/kursy-excel\/wp-json\/wp\/v2\/types\/page"}],"author":[{"embeddable":true,"href":"https:\/\/calculatic.pl\/kursy-excel\/wp-json\/wp\/v2\/users\/3"}],"replies":[{"embeddable":true,"href":"https:\/\/calculatic.pl\/kursy-excel\/wp-json\/wp\/v2\/comments?post=5324"}],"version-history":[{"count":5,"href":"https:\/\/calculatic.pl\/kursy-excel\/wp-json\/wp\/v2\/pages\/5324\/revisions"}],"predecessor-version":[{"id":7813,"href":"https:\/\/calculatic.pl\/kursy-excel\/wp-json\/wp\/v2\/pages\/5324\/revisions\/7813"}],"wp:attachment":[{"href":"https:\/\/calculatic.pl\/kursy-excel\/wp-json\/wp\/v2\/media?parent=5324"}],"wp:term":[{"taxonomy":"post_tag","embeddable":true,"href":"https:\/\/calculatic.pl\/kursy-excel\/wp-json\/wp\/v2\/tags?post=5324"}],"curies":[{"name":"wp","href":"https:\/\/api.w.org\/{rel}","templated":true}]}}